{"id":17393,"date":"2024-04-22T04:24:03","date_gmt":"2024-04-22T01:24:03","guid":{"rendered":"https:\/\/egepres.com.tr\/bayilik-talebi\/"},"modified":"2024-07-02T13:27:05","modified_gmt":"2024-07-02T10:27:05","slug":"egepres-dealership-application","status":"publish","type":"page","link":"https:\/\/egepres.com.tr\/en\/egepres-dealership-application\/","title":{"rendered":"Egepres Dealership Application"},"content":{"rendered":"\t\t<div data-elementor-type=\"wp-page\" data-elementor-id=\"17393\" class=\"elementor elementor-17393\" data-elementor-post-type=\"page\">\n\t\t\t\t\t\t<section class=\"elementor-section elementor-top-section elementor-element elementor-element-7ba5e20d elementor-section-stretched elementor-section-full_width elementor-section-height-default elementor-section-height-default\" data-id=\"7ba5e20d\" data-element_type=\"section\" data-settings=\"{&quot;stretch_section&quot;:&quot;section-stretched&quot;,&quot;background_background&quot;:&quot;classic&quot;}\">\n\t\t\t\t\t\t<div class=\"elementor-container elementor-column-gap-no\">\n\t\t\t\t\t<div class=\"elementor-column elementor-col-100 elementor-top-column elementor-element elementor-element-599f526d\" data-id=\"599f526d\" data-element_type=\"column\">\n\t\t\t<div class=\"elementor-widget-wrap elementor-element-populated\">\n\t\t\t\t\t\t<div class=\"elementor-element elementor-element-399bb92 elementor-widget elementor-widget-pix-dividers\" data-id=\"399bb92\" data-element_type=\"widget\" data-widget_type=\"pix-dividers.default\">\n\t\t\t\t<div class=\"elementor-widget-container\">\n\t\t\t<div class=\"pix-divider  position-relative pix-top-divider\" data-style=\"style-8\" ><svg xmlns=\"http:\/\/www.w3.org\/2000\/svg\" width=\"100%\" height=\"500px\" viewBox=\"0 0 1200 366\" preserveAspectRatio=\"none\"><polygon fill=\"url(#divider-pix-accordion-34671-top-overlay-layer-3)\" points=\"0 240 1200 0 1200 366 0 366\" \/><polygon fill=\"url(#divider-pix-accordion-34671-top-overlay-layer-2)\" points=\"0 300 1200 60 1200 366 0 366\"  \/><polygon fill=\"url(#divider-pix-accordion-34671-top-overlay-layer-1)\" points=\"0 360 1200 120 1200 366 0 366\"\/><defs><linearGradient id=\"divider-pix-accordion-34671-top-overlay-layer-3\" x1=\"0%\" y1=\"0%\" x2=\"100%\" y2=\"0%\"><stop offset=\"0%\"   stop-color=\"#FFFFFF\"\/><stop offset=\"100%\"   stop-color=\"#EAECF7\"\/><\/linearGradient><linearGradient id=\"divider-pix-accordion-34671-top-overlay-layer-2\" x1=\"0%\" y1=\"0%\" x2=\"100%\" y2=\"0%\"><stop offset=\"0%\"   stop-color=\"#F8F9FA\"\/><stop offset=\"100%\"   stop-color=\"#F8F9FA\"\/><\/linearGradient><linearGradient id=\"divider-pix-accordion-34671-top-overlay-layer-1\" x1=\"0%\" y1=\"0%\" x2=\"100%\" y2=\"0%\"><stop offset=\"0%\"   stop-color=\"#FFFFFF\"\/><stop offset=\"100%\"   stop-color=\"#E9ECEF\"\/><\/linearGradient><\/defs><\/svg><\/div>\t\t<\/div>\n\t\t\t\t<\/div>\n\t\t\t\t<section class=\"elementor-section elementor-inner-section elementor-element elementor-element-55d45200 elementor-section-boxed elementor-section-height-default elementor-section-height-default\" data-id=\"55d45200\" data-element_type=\"section\">\n\t\t\t\t\t\t<div class=\"elementor-container elementor-column-gap-default\">\n\t\t\t\t\t<div class=\"elementor-column elementor-col-100 elementor-inner-column elementor-element elementor-element-d6e1eb7\" data-id=\"d6e1eb7\" data-element_type=\"column\">\n\t\t\t<div class=\"elementor-widget-wrap elementor-element-populated\">\n\t\t\t\t\t\t<div class=\"elementor-element elementor-element-29e9da7d elementor-widget elementor-widget-pix-sliding-text\" data-id=\"29e9da7d\" data-element_type=\"widget\" data-widget_type=\"pix-sliding-text.default\">\n\t\t\t\t<div class=\"elementor-widget-container\">\n\t\t\t<div id=\"el-29e9da7d\" class=\"mb-3 text-center \"><h3 class=\"mb-32 pix-sliding-headline-2 animate-in font-weight-bold secondary-font \" data-anim-type=\"pix-sliding-text\" pix-anim-delay=\"500\" data-class=\"secondary-font text-gradient-primary\" style=\"\"><span class=\"slide-in-container \"><span class=\"pix-sliding-item secondary-font text-gradient-primary\" style=\"transition-delay: 0ms;\">Egepres&#32;<\/span><\/span> <span class=\"slide-in-container \"><span class=\"pix-sliding-item secondary-font text-gradient-primary\" style=\"transition-delay: 150ms;\">Dealership&#32;<\/span><\/span> <span class=\"slide-in-container \"><span class=\"pix-sliding-item secondary-font text-gradient-primary\" style=\"transition-delay: 300ms;\">Application&#32;<\/span><\/span> <\/h3><\/div>\t\t<\/div>\n\t\t\t\t<\/div>\n\t\t\t\t<div class=\"elementor-element elementor-element-cabc915 elementor-invisible elementor-widget elementor-widget-pix-text\" data-id=\"cabc915\" data-element_type=\"widget\" data-widget_type=\"pix-text.default\">\n\t\t\t\t<div class=\"elementor-widget-container\">\n\t\t\t<div class=\"pix-el-text w-100 text-center \" ><p class=\"text-20 resp-option text-body-default text-center \" ><span class=\"text-body-default animate-in d-inline-block\" data-anim-delay=\"200\" data-anim-type=\"fade-in-up\">Are you ready to be a part of the Egepres family? Apply for dealership now and benefit from our business partnership opportunities!<\/span><\/p><\/div>\t\t<\/div>\n\t\t\t\t<\/div>\n\t\t\t\t<div class=\"elementor-element elementor-element-b080ca7 elementor-widget elementor-widget-pix-button\" data-id=\"b080ca7\" data-element_type=\"widget\" data-widget_type=\"pix-button.default\">\n\t\t\t\t<div class=\"elementor-widget-container\">\n\t\t\t<a  href=\"tel:+902328641778\" class=\"btn m-0     btn-primary d-inline-block pix-hover-item       animate-in btn-md\"   data-anim-type=\"fade-in-down\" data-anim-delay=\"150\" ><i class=\"font-weight-bold pixicon-phone  pix-hover-left  mr-1\"><\/i> <span class=\"font-weight-bold \" >Contact Us !<\/span><\/a>\t\t<\/div>\n\t\t\t\t<\/div>\n\t\t\t\t\t<\/div>\n\t\t<\/div>\n\t\t\t\t\t<\/div>\n\t\t<\/section>\n\t\t\t\t\t<\/div>\n\t\t<\/div>\n\t\t\t\t\t<\/div>\n\t\t<\/section>\n\t\t\t\t<section class=\"elementor-section elementor-top-section elementor-element elementor-element-6dac04c9 elementor-section-stretched elementor-section-boxed elementor-section-height-default elementor-section-height-default\" data-id=\"6dac04c9\" data-element_type=\"section\" data-settings=\"{&quot;stretch_section&quot;:&quot;section-stretched&quot;,&quot;background_background&quot;:&quot;classic&quot;}\">\n\t\t\t\t\t\t<div class=\"elementor-container elementor-column-gap-default\">\n\t\t\t\t\t<div class=\"elementor-column elementor-col-100 elementor-top-column elementor-element elementor-element-663dd5fd\" data-id=\"663dd5fd\" data-element_type=\"column\">\n\t\t\t<div class=\"elementor-widget-wrap elementor-element-populated\">\n\t\t\t\t\t\t<section class=\"elementor-section elementor-inner-section elementor-element elementor-element-38a1ac52 bg-white shadow-lg shadow-hover-lg rounded-10 fly-sm animated-slow elementor-section-boxed elementor-section-height-default elementor-section-height-default elementor-invisible\" data-id=\"38a1ac52\" data-element_type=\"section\" data-settings=\"{&quot;animation&quot;:&quot;fadeInUp&quot;}\">\n\t\t\t\t\t\t<div class=\"elementor-container elementor-column-gap-default\">\n\t\t\t\t\t<div class=\"elementor-column elementor-col-100 elementor-inner-column elementor-element elementor-element-5b842c79\" data-id=\"5b842c79\" data-element_type=\"column\">\n\t\t\t<div class=\"elementor-widget-wrap elementor-element-populated\">\n\t\t\t\t\t\t<div class=\"elementor-element elementor-element-514dc10 elementor-widget elementor-widget-pix-heading\" data-id=\"514dc10\" data-element_type=\"widget\" data-widget_type=\"pix-heading.default\">\n\t\t\t\t<div class=\"elementor-widget-container\">\n\t\t\t<div  class=\"pix-heading-el text-left \"><h4 class=\"text-heading-default font-weight-bold h4 heading-text el-title_custom_color mb-12\" style=\"\" data-anim-type=\"\" data-anim-delay=\"\">Dealership Application Form<\/h4><\/div>\t\t<\/div>\n\t\t\t\t<\/div>\n\t\t\t\t<div class=\"elementor-element elementor-element-4082cecf elementor-widget elementor-widget-pix-text\" data-id=\"4082cecf\" data-element_type=\"widget\" data-widget_type=\"pix-text.default\">\n\t\t\t\t<div class=\"elementor-widget-container\">\n\t\t\t<div class=\"pix-el-text w-100 text-left \" ><p class=\"text-18 resp-option text-body-default text-left \" >What are the advantages of being an Egepres dealer?<br>Discover the benefits of being a business partner with Egepres, a brand focused on customer satisfaction.<\/p><\/div>\t\t<\/div>\n\t\t\t\t<\/div>\n\t\t\t\t<div class=\"elementor-element elementor-element-42ed2175 elementor-widget elementor-widget-text-editor\" data-id=\"42ed2175\" data-element_type=\"widget\" data-widget_type=\"text-editor.default\">\n\t\t\t\t<div class=\"elementor-widget-container\">\n\t\t\t<style>\/*! elementor - v3.21.0 - 18-04-2024 *\/\n.elementor-widget-text-editor.elementor-drop-cap-view-stacked .elementor-drop-cap{background-color:#69727d;color:#fff}.elementor-widget-text-editor.elementor-drop-cap-view-framed .elementor-drop-cap{color:#69727d;border:3px solid;background-color:transparent}.elementor-widget-text-editor:not(.elementor-drop-cap-view-default) .elementor-drop-cap{margin-top:8px}.elementor-widget-text-editor:not(.elementor-drop-cap-view-default) .elementor-drop-cap-letter{width:1em;height:1em}.elementor-widget-text-editor .elementor-drop-cap{float:left;text-align:center;line-height:1;font-size:50px}.elementor-widget-text-editor .elementor-drop-cap-letter{display:inline-block}<\/style>\t\t\t\t<p>\n<div class=\"wpcf7 no-js\" id=\"wpcf7-f17409-o1\" lang=\"en-US\" dir=\"ltr\">\n<div class=\"screen-reader-response\"><p role=\"status\" aria-live=\"polite\" aria-atomic=\"true\"><\/p> <ul><\/ul><\/div>\n<form action=\"\/en\/wp-json\/wp\/v2\/pages\/17393#wpcf7-f17409-o1\" method=\"post\" class=\"wpcf7-form init\" aria-label=\"Contact form\" novalidate=\"novalidate\" data-status=\"init\">\n<div style=\"display: none;\">\n<input type=\"hidden\" name=\"_wpcf7\" value=\"17409\" \/>\n<input type=\"hidden\" name=\"_wpcf7_version\" value=\"5.9.3\" \/>\n<input type=\"hidden\" name=\"_wpcf7_locale\" value=\"en_US\" \/>\n<input type=\"hidden\" name=\"_wpcf7_unit_tag\" value=\"wpcf7-f17409-o1\" \/>\n<input type=\"hidden\" name=\"_wpcf7_container_post\" value=\"0\" \/>\n<input type=\"hidden\" name=\"_wpcf7_posted_data_hash\" value=\"\" \/>\n<input type=\"hidden\" name=\"_wpcf7_recaptcha_response\" value=\"\" \/>\n<\/div>\n<div class=\"pix-contact7-form\"><div class=\"row\">\n\t<div class=\"col-md-6\">\n\t\t<p><label class=\"w-100\">Name and Surname*<br \/>\n<span class=\"wpcf7-form-control-wrap\" data-name=\"your-name\"><input size=\"40\" class=\"wpcf7-form-control wpcf7-text wpcf7-validates-as-required pix-my-5 form-control bg-gray-1 shadow-0\" aria-required=\"true\" aria-invalid=\"false\" placeholder=\"\" value=\"\" type=\"text\" name=\"your-name\" \/><\/span><\/label>\n\t\t<\/p>\n\t<\/div>\n\t<div class=\"col-md-6\">\n\t\t<p><label class=\"w-100\">E-Mail Adress*<br \/>\n<span class=\"wpcf7-form-control-wrap\" data-name=\"your-email\"><input size=\"40\" class=\"wpcf7-form-control wpcf7-email wpcf7-validates-as-required wpcf7-text wpcf7-validates-as-email pix-my-5 form-control bg-gray-1 shadow-0\" aria-required=\"true\" aria-invalid=\"false\" placeholder=\"\" value=\"\" type=\"email\" name=\"your-email\" \/><\/span><\/label>\n\t\t<\/p>\n\t<\/div>\n<\/div>\n<div class=\"col-md-14\">\n\t<p><label class=\"w-100\">Company Name*<br \/>\n<span class=\"wpcf7-form-control-wrap\" data-name=\"text-446\"><input size=\"40\" class=\"wpcf7-form-control wpcf7-text wpcf7-validates-as-required pix-my-5 form-control bg-gray-1 shadow-0\" aria-required=\"true\" aria-invalid=\"false\" placeholder=\"\" value=\"\" type=\"text\" name=\"text-446\" \/><\/span><\/label>\n\t<\/p>\n<\/div>\n<div class=\"col-md-14\">\n\t<p><label class=\"w-100\">City you live in ?*<br \/>\n<span class=\"wpcf7-form-control-wrap\" data-name=\"text-448\"><input size=\"40\" class=\"wpcf7-form-control wpcf7-text wpcf7-validates-as-required pix-my-5 form-control bg-gray-1 shadow-0\" aria-required=\"true\" aria-invalid=\"false\" placeholder=\"\" value=\"\" type=\"text\" name=\"text-448\" \/><\/span><\/label>\n\t<\/p>\n<\/div>\n<div class=\"col-md-14\">\n\t<p><label class=\"w-100\">Mobile Number*<span class=\"wpcf7-form-control-wrap\" data-name=\"tel-996\"><input size=\"40\" class=\"wpcf7-form-control wpcf7-tel wpcf7-validates-as-required wpcf7-text wpcf7-validates-as-tel pix-mt-5 form-control bg-gray-1 shadow-0\" aria-required=\"true\" aria-invalid=\"false\" placeholder=\"\" value=\"\" type=\"tel\" name=\"tel-996\" \/><\/span> <\/label>\n\t<\/p>\n<\/div>\n<p><label class=\"w-100\">Your Message<span class=\"wpcf7-form-control-wrap\" data-name=\"your-message\"><textarea cols=\"40\" rows=\"4\" class=\"wpcf7-form-control wpcf7-textarea pix-my-5 form-control bg-gray-1 shadow-0\" aria-invalid=\"false\" placeholder=\"\" name=\"your-message\"><\/textarea><\/span> <\/label>\n<\/p>\n<p><input class=\"wpcf7-form-control wpcf7-submit has-spinner btn btn-gradient-primary text-white w-100 pix-mt-10 font-weight-bold btn-lg secondary-font\" type=\"submit\" value=\"Send\" \/>\n<\/p><\/div><div class=\"wpcf7-response-output\" aria-hidden=\"true\"><\/div>\n<\/form>\n<\/div>\n<\/p>\t\t\t\t\t\t<\/div>\n\t\t\t\t<\/div>\n\t\t\t\t\t<\/div>\n\t\t<\/div>\n\t\t\t\t\t<\/div>\n\t\t<\/section>\n\t\t\t\t\t<\/div>\n\t\t<\/div>\n\t\t\t\t\t<\/div>\n\t\t<\/section>\n\t\t\t\t<section class=\"elementor-section elementor-top-section elementor-element elementor-element-d2004f3 elementor-section-stretched elementor-section-full_width elementor-section-height-default elementor-section-height-default\" data-id=\"d2004f3\" data-element_type=\"section\" data-settings=\"{&quot;stretch_section&quot;:&quot;section-stretched&quot;,&quot;background_background&quot;:&quot;gradient&quot;}\">\n\t\t\t\t\t\t<div class=\"elementor-container elementor-column-gap-no\">\n\t\t\t\t\t<div class=\"elementor-column elementor-col-100 elementor-top-column elementor-element elementor-element-54d5583d\" data-id=\"54d5583d\" data-element_type=\"column\">\n\t\t\t<div class=\"elementor-widget-wrap elementor-element-populated\">\n\t\t\t\t\t\t<div class=\"elementor-element elementor-element-601afbfd elementor-widget elementor-widget-pix-dividers\" data-id=\"601afbfd\" data-element_type=\"widget\" data-widget_type=\"pix-dividers.default\">\n\t\t\t\t<div class=\"elementor-widget-container\">\n\t\t\t<div class=\"pix-divider  position-relative pix-bottom-divider\" data-style=\"style-8\" ><svg xmlns=\"http:\/\/www.w3.org\/2000\/svg\" width=\"100%\" height=\"500px\" viewBox=\"0 0 1200 366\" preserveAspectRatio=\"none\"><polygon fill=\"url(#divider-pix-accordion-919766-bottom-overlay-layer-3)\" points=\"0 240 1200 0 1200 366 0 366\" \/><polygon fill=\"url(#divider-pix-accordion-919766-bottom-overlay-layer-2)\" points=\"0 300 1200 60 1200 366 0 366\"  \/><polygon fill=\"url(#divider-pix-accordion-919766-bottom-overlay-layer-1)\" points=\"0 360 1200 120 1200 366 0 366\"\/><defs><linearGradient id=\"divider-pix-accordion-919766-bottom-overlay-layer-3\" x1=\"0%\" y1=\"0%\" x2=\"100%\" y2=\"0%\"><stop offset=\"0%\"   stop-color=\"#EAECF7\"\/><stop offset=\"100%\"   stop-color=\"#FFFFFF\"\/><\/linearGradient><linearGradient id=\"divider-pix-accordion-919766-bottom-overlay-layer-2\" x1=\"0%\" y1=\"0%\" x2=\"100%\" y2=\"0%\"><stop offset=\"0%\"   stop-color=\"#F8F9FA\"\/><stop offset=\"100%\"   stop-color=\"#F8F9FA\"\/><\/linearGradient><linearGradient id=\"divider-pix-accordion-919766-bottom-overlay-layer-1\" x1=\"0%\" y1=\"0%\" x2=\"100%\" y2=\"0%\"><stop offset=\"0%\"   stop-color=\"#E9ECEF\"\/><stop offset=\"100%\"   stop-color=\"#FFFFFF\"\/><\/linearGradient><\/defs><\/svg><\/div>\t\t<\/div>\n\t\t\t\t<\/div>\n\t\t\t\t\t<\/div>\n\t\t<\/div>\n\t\t\t\t\t<\/div>\n\t\t<\/section>\n\t\t\t\t<\/div>\n\t\t","protected":false},"excerpt":{"rendered":"<p>Egepres&#32; Dealership&#32; Application&#32; Are you ready to be a part of the Egepres family? Apply for dealership now and benefit from our business partnership opportunities! Contact Us ! Dealership Application Form What are the advantages of being an Egepres dealer?Discover&#8230;<\/p>\n","protected":false},"author":1,"featured_media":0,"parent":0,"menu_order":0,"comment_status":"closed","ping_status":"closed","template":"","meta":{"footnotes":""},"class_list":["post-17393","page","type-page","status-publish","hentry"],"yoast_head":"<!-- This site is optimized with the Yoast SEO plugin v22.5 - https:\/\/yoast.com\/wordpress\/plugins\/seo\/ -->\n<title>Egepres Dealership Application - Egepres Kapak<\/title>\n<meta name=\"description\" content=\"Bayilik Talebi, \u015firketimizin geni\u015fleyen a\u011f\u0131na kat\u0131lmak isteyen giri\u015fimcilerin ba\u015fvurular\u0131n\u0131 kar\u015f\u0131lamak i\u00e7in olu\u015fturulmu\u015f bir s\u00fcre\u00e7tir.\" \/>\n<meta name=\"robots\" content=\"index, follow, max-snippet:-1, max-image-preview:large, max-video-preview:-1\" \/>\n<link rel=\"canonical\" href=\"https:\/\/egepres.com.tr\/en\/egepres-dealership-application\/\" \/>\n<meta property=\"og:locale\" content=\"en_US\" \/>\n<meta property=\"og:type\" content=\"article\" \/>\n<meta property=\"og:title\" content=\"Egepres Dealership Application - Egepres Kapak\" \/>\n<meta property=\"og:description\" content=\"Bayilik Talebi, \u015firketimizin geni\u015fleyen a\u011f\u0131na kat\u0131lmak isteyen giri\u015fimcilerin ba\u015fvurular\u0131n\u0131 kar\u015f\u0131lamak i\u00e7in olu\u015fturulmu\u015f bir s\u00fcre\u00e7tir.\" \/>\n<meta property=\"og:url\" content=\"https:\/\/egepres.com.tr\/en\/egepres-dealership-application\/\" \/>\n<meta property=\"og:site_name\" content=\"Egepres Kapak\" \/>\n<meta property=\"article:modified_time\" content=\"2024-07-02T10:27:05+00:00\" \/>\n<meta name=\"twitter:card\" content=\"summary_large_image\" \/>\n<meta name=\"twitter:label1\" content=\"Est. reading time\" \/>\n\t<meta name=\"twitter:data1\" content=\"1 minute\" \/>\n<script type=\"application\/ld+json\" class=\"yoast-schema-graph\">{\"@context\":\"https:\/\/schema.org\",\"@graph\":[{\"@type\":\"WebPage\",\"@id\":\"https:\/\/egepres.com.tr\/en\/egepres-dealership-application\/\",\"url\":\"https:\/\/egepres.com.tr\/en\/egepres-dealership-application\/\",\"name\":\"Egepres Dealership Application - Egepres Kapak\",\"isPartOf\":{\"@id\":\"https:\/\/egepres.com.tr\/#website\"},\"datePublished\":\"2024-04-22T01:24:03+00:00\",\"dateModified\":\"2024-07-02T10:27:05+00:00\",\"description\":\"Bayilik Talebi, \u015firketimizin geni\u015fleyen a\u011f\u0131na kat\u0131lmak isteyen giri\u015fimcilerin ba\u015fvurular\u0131n\u0131 kar\u015f\u0131lamak i\u00e7in olu\u015fturulmu\u015f bir s\u00fcre\u00e7tir.\",\"breadcrumb\":{\"@id\":\"https:\/\/egepres.com.tr\/en\/egepres-dealership-application\/#breadcrumb\"},\"inLanguage\":\"en-US\",\"potentialAction\":[{\"@type\":\"ReadAction\",\"target\":[\"https:\/\/egepres.com.tr\/en\/egepres-dealership-application\/\"]}]},{\"@type\":\"BreadcrumbList\",\"@id\":\"https:\/\/egepres.com.tr\/en\/egepres-dealership-application\/#breadcrumb\",\"itemListElement\":[{\"@type\":\"ListItem\",\"position\":1,\"name\":\"Anasayfa\",\"item\":\"https:\/\/egepres.com.tr\/\"},{\"@type\":\"ListItem\",\"position\":2,\"name\":\"Egepres Dealership Application\"}]},{\"@type\":\"WebSite\",\"@id\":\"https:\/\/egepres.com.tr\/#website\",\"url\":\"https:\/\/egepres.com.tr\/\",\"name\":\"Egepres Kapak\",\"description\":\"\",\"potentialAction\":[{\"@type\":\"SearchAction\",\"target\":{\"@type\":\"EntryPoint\",\"urlTemplate\":\"https:\/\/egepres.com.tr\/?s={search_term_string}\"},\"query-input\":\"required name=search_term_string\"}],\"inLanguage\":\"en-US\"}]}<\/script>\n<!-- \/ Yoast SEO plugin. -->","yoast_head_json":{"title":"Egepres Dealership Application - Egepres Kapak","description":"Bayilik Talebi, \u015firketimizin geni\u015fleyen a\u011f\u0131na kat\u0131lmak isteyen giri\u015fimcilerin ba\u015fvurular\u0131n\u0131 kar\u015f\u0131lamak i\u00e7in olu\u015fturulmu\u015f bir s\u00fcre\u00e7tir.","robots":{"index":"index","follow":"follow","max-snippet":"max-snippet:-1","max-image-preview":"max-image-preview:large","max-video-preview":"max-video-preview:-1"},"canonical":"https:\/\/egepres.com.tr\/en\/egepres-dealership-application\/","og_locale":"en_US","og_type":"article","og_title":"Egepres Dealership Application - Egepres Kapak","og_description":"Bayilik Talebi, \u015firketimizin geni\u015fleyen a\u011f\u0131na kat\u0131lmak isteyen giri\u015fimcilerin ba\u015fvurular\u0131n\u0131 kar\u015f\u0131lamak i\u00e7in olu\u015fturulmu\u015f bir s\u00fcre\u00e7tir.","og_url":"https:\/\/egepres.com.tr\/en\/egepres-dealership-application\/","og_site_name":"Egepres Kapak","article_modified_time":"2024-07-02T10:27:05+00:00","twitter_card":"summary_large_image","twitter_misc":{"Est. reading time":"1 minute"},"schema":{"@context":"https:\/\/schema.org","@graph":[{"@type":"WebPage","@id":"https:\/\/egepres.com.tr\/en\/egepres-dealership-application\/","url":"https:\/\/egepres.com.tr\/en\/egepres-dealership-application\/","name":"Egepres Dealership Application - Egepres Kapak","isPartOf":{"@id":"https:\/\/egepres.com.tr\/#website"},"datePublished":"2024-04-22T01:24:03+00:00","dateModified":"2024-07-02T10:27:05+00:00","description":"Bayilik Talebi, \u015firketimizin geni\u015fleyen a\u011f\u0131na kat\u0131lmak isteyen giri\u015fimcilerin ba\u015fvurular\u0131n\u0131 kar\u015f\u0131lamak i\u00e7in olu\u015fturulmu\u015f bir s\u00fcre\u00e7tir.","breadcrumb":{"@id":"https:\/\/egepres.com.tr\/en\/egepres-dealership-application\/#breadcrumb"},"inLanguage":"en-US","potentialAction":[{"@type":"ReadAction","target":["https:\/\/egepres.com.tr\/en\/egepres-dealership-application\/"]}]},{"@type":"BreadcrumbList","@id":"https:\/\/egepres.com.tr\/en\/egepres-dealership-application\/#breadcrumb","itemListElement":[{"@type":"ListItem","position":1,"name":"Anasayfa","item":"https:\/\/egepres.com.tr\/"},{"@type":"ListItem","position":2,"name":"Egepres Dealership Application"}]},{"@type":"WebSite","@id":"https:\/\/egepres.com.tr\/#website","url":"https:\/\/egepres.com.tr\/","name":"Egepres Kapak","description":"","potentialAction":[{"@type":"SearchAction","target":{"@type":"EntryPoint","urlTemplate":"https:\/\/egepres.com.tr\/?s={search_term_string}"},"query-input":"required name=search_term_string"}],"inLanguage":"en-US"}]}},"_links":{"self":[{"href":"https:\/\/egepres.com.tr\/en\/wp-json\/wp\/v2\/pages\/17393","targetHints":{"allow":["GET"]}}],"collection":[{"href":"https:\/\/egepres.com.tr\/en\/wp-json\/wp\/v2\/pages"}],"about":[{"href":"https:\/\/egepres.com.tr\/en\/wp-json\/wp\/v2\/types\/page"}],"author":[{"embeddable":true,"href":"https:\/\/egepres.com.tr\/en\/wp-json\/wp\/v2\/users\/1"}],"replies":[{"embeddable":true,"href":"https:\/\/egepres.com.tr\/en\/wp-json\/wp\/v2\/comments?post=17393"}],"version-history":[{"count":4,"href":"https:\/\/egepres.com.tr\/en\/wp-json\/wp\/v2\/pages\/17393\/revisions"}],"predecessor-version":[{"id":17412,"href":"https:\/\/egepres.com.tr\/en\/wp-json\/wp\/v2\/pages\/17393\/revisions\/17412"}],"wp:attachment":[{"href":"https:\/\/egepres.com.tr\/en\/wp-json\/wp\/v2\/media?parent=17393"}],"curies":[{"name":"wp","href":"https:\/\/api.w.org\/{rel}","templated":true}]}}