{"id":17308,"date":"2024-04-22T04:09:37","date_gmt":"2024-04-22T01:09:37","guid":{"rendered":"https:\/\/egepres.com.tr\/bayilerimiz\/"},"modified":"2025-08-04T15:56:05","modified_gmt":"2025-08-04T12:56:05","slug":"sales-points","status":"publish","type":"page","link":"https:\/\/egepres.com.tr\/en\/sales-points\/","title":{"rendered":"Sales Points"},"content":{"rendered":"\t\t<div data-elementor-type=\"wp-page\" data-elementor-id=\"17308\" class=\"elementor elementor-17308\" data-elementor-post-type=\"page\">\n\t\t\t\t\t\t<section class=\"elementor-section elementor-top-section elementor-element elementor-element-43a8313 elementor-section-boxed elementor-section-height-default elementor-section-height-default\" data-id=\"43a8313\" data-element_type=\"section\">\n\t\t\t\t\t\t<div class=\"elementor-container elementor-column-gap-default\">\n\t\t\t\t\t<div class=\"elementor-column elementor-col-100 elementor-top-column elementor-element elementor-element-bff1f20\" data-id=\"bff1f20\" data-element_type=\"column\">\n\t\t\t<div class=\"elementor-widget-wrap elementor-element-populated\">\n\t\t\t\t\t\t<div class=\"elementor-element elementor-element-d9b33b2 elementor-widget elementor-widget-pix-sliding-text\" data-id=\"d9b33b2\" data-element_type=\"widget\" data-widget_type=\"pix-sliding-text.default\">\n\t\t\t\t<div class=\"elementor-widget-container\">\n\t\t\t<div id=\"el-d9b33b2\" class=\"mb-3 text-center \"><h2 class=\"mb-32 pix-sliding-headline-2 animate-in font-weight-bold secondary-font \" data-anim-type=\"pix-sliding-text\" pix-anim-delay=\"500\" data-class=\"secondary-font text-gradient-primary\" style=\"\"><span class=\"slide-in-container \"><span class=\"pix-sliding-item secondary-font text-gradient-primary\" style=\"transition-delay: 0ms;\">Point&#32;<\/span><\/span> <span class=\"slide-in-container \"><span class=\"pix-sliding-item secondary-font text-gradient-primary\" style=\"transition-delay: 150ms;\">of&#32;<\/span><\/span> <span class=\"slide-in-container \"><span class=\"pix-sliding-item secondary-font text-gradient-primary\" style=\"transition-delay: 300ms;\">Sales&#32;<\/span><\/span> <\/h2><\/div>\t\t<\/div>\n\t\t\t\t<\/div>\n\t\t\t\t\t<\/div>\n\t\t<\/div>\n\t\t\t\t\t<\/div>\n\t\t<\/section>\n\t\t<div class=\"elementor-element elementor-element-c7bc287 e-flex e-con-boxed e-con e-parent\" data-id=\"c7bc287\" data-element_type=\"container\">\n\t\t\t\t\t<div class=\"e-con-inner\">\n\t\t\t\t<div class=\"elementor-element elementor-element-becb566 elementor-widget elementor-widget-text-editor\" data-id=\"becb566\" data-element_type=\"widget\" data-widget_type=\"text-editor.default\">\n\t\t\t\t<div class=\"elementor-widget-container\">\n\t\t\t<style>\/*! elementor - v3.21.0 - 18-04-2024 *\/\n.elementor-widget-text-editor.elementor-drop-cap-view-stacked .elementor-drop-cap{background-color:#69727d;color:#fff}.elementor-widget-text-editor.elementor-drop-cap-view-framed .elementor-drop-cap{color:#69727d;border:3px solid;background-color:transparent}.elementor-widget-text-editor:not(.elementor-drop-cap-view-default) .elementor-drop-cap{margin-top:8px}.elementor-widget-text-editor:not(.elementor-drop-cap-view-default) .elementor-drop-cap-letter{width:1em;height:1em}.elementor-widget-text-editor .elementor-drop-cap{float:left;text-align:center;line-height:1;font-size:50px}.elementor-widget-text-editor .elementor-drop-cap-letter{display:inline-block}<\/style>\t\t\t\t<p><div class=\"map_wrapper\" id=\"map_wrapper_14280\">\r\n<div class=\"map_box\" style=\"max-width:2000px\">\r\n<div class=\"map_aspect_ratio\" style=\"padding-top:56%\" data-padding-top=\"56%\" data-padding-top-mobile=\"0%\">\r\n<div class=\"map_container\">\r\n<div class=\"map_render map_loading\" id=\"map_14280\"><\/div>\r\n<\/div>\r\n<\/div>\r\n<\/div>\r\n<\/div><\/p>\t\t\t\t\t\t<\/div>\n\t\t\t\t<\/div>\n\t\t\t\t\t<\/div>\n\t\t\t\t<\/div>\n\t\t<div class=\"elementor-element elementor-element-8a8e8fb e-flex e-con-boxed e-con e-parent\" data-id=\"8a8e8fb\" data-element_type=\"container\">\n\t\t\t\t\t<div class=\"e-con-inner\">\n\t\t\t\t<div class=\"elementor-element elementor-element-af43e21 elementor-widget elementor-widget-text-editor\" data-id=\"af43e21\" data-element_type=\"widget\" id=\"tablo\" data-widget_type=\"text-editor.default\">\n\t\t\t\t<div class=\"elementor-widget-container\">\n\t\t\t\t\t\t\t<table class=\"table table-hover\">\n<thead>\n<tr>\n<th class=\"col-md-1\">City<\/th>\n<th class=\"col-md-2\">Name<\/th>\n<th class=\"col-md-4\">Adress<\/th>\n<th class=\"col-md-2\">Phone<\/th>\n<th class=\"col-md-2\">Fax<\/th>\n<\/tr>\n<\/thead>\n<tbody>\n<tr>\n<td><strong>\u0130ZM\u0130R<\/strong><\/td>\n<td><strong>FABR\u0130KA MERKEZ<\/strong><\/td>\n<td><strong>Kaz\u0131m Karabekir Mah. 6907 Sk. No: 4\/1 Pancar\/Torbal\u0131\/\u0130zmir<\/strong><\/td>\n<td><strong>0232 864 17 78<\/strong><\/td>\n<td><strong>0232 864 16 15<\/strong><\/td>\n<\/tr>\n<tr>\n<td><strong>\u0130ZM\u0130R<\/strong><\/td>\n<td>KARABA\u011eLAR \u015eUBE<\/td>\n<td>Karaba\u011flar Mah. 5758 Sok. No:4\/F Karaba\u011flar\/\u0130zmir<\/td>\n<td width=\"64\">0232 265 25 25\n0549 725 76 46<\/td>\n<td>0232 207 75 75<\/td>\n<\/tr>\n<tr>\n<td><b>AKSARAY<\/b><\/td>\n<td>KAPTANO\u011eLU MOB\u0130LYA-SEL\u0130M KILI\u00c7<\/td>\n<td>ERE\u011eL\u0130 KAPI MAH.1422 SK.NO:1\/1 CEYLAN S\u0130T.SAMET APT. Merkez \/ AKSARAY<\/td>\n<td width=\"64\">0541 633 30 54<\/td>\n<td>&#8211;<\/td>\n<\/tr>\n<tr>\n<td><strong>ANKARA<\/strong><\/td>\n<td>ANS S\u0130PAH\u0130 \u0130N\u015e. MOB. LTD. \u015eT\u0130. &#8211; SAM\u0130 S\u0130PAH\u0130<\/td>\n<td>Mutlukent Mh. Binsesin Sit. 2071 Cd. No:4\/A \u00dcmitk\u00f6y \/ Ankara<\/td>\n<td width=\"64\">0312 348 50 61\n0533 315 25 12<\/td>\n<td>0312 348 50 63<\/td>\n<\/tr>\n<tr>\n<td><strong>ANTALYA<\/strong><\/td>\n<td>ANTKAP DESIGN &#8211; FIRAT HAT\u0130PO\u011eLU<\/td>\n<td>K\u0131\u015fla Mah. \u015eehit Bin. Cengiz Toytun\u00e7 Cad. No: 118\/401 Muratpa\u015fa\/ANTALYA<\/td>\n<td>0532 375 53 47<\/td>\n<td>&#8211;<\/td>\n<\/tr>\n<tr>\n<td><strong>AYDIN-MU\u011eLA<\/strong><\/td>\n<td>AKSOY T\u0130CARET-YE\u015e\u0130M AKSOY<\/td>\n<td>119\/4 SOK.NO:26\/28 D:4\u00a0Menderes \/ \u0130ZM\u0130R<\/td>\n<td>0532 523 83 65<\/td>\n<td>&#8211;<\/td>\n<\/tr>\n<tr>\n<td><strong>BALIKES\u0130R<\/strong><\/td>\n<td>BAKKA AH\u015eAP KAPI MOB\u0130LYA LTD. \u015eT\u0130.<\/td>\n<td>G\u00fcm\u00fc\u015f\u00e7e\u015fme Mh Alp Sk No:2a\/2 Alt\u0131eyl\u00fcl \/ Bal\u0131kesir<\/td>\n<td>0266 245 22 27<\/td>\n<td>0266 245 22 97<\/td>\n<\/tr>\n<tr>\n<td><strong>BURSA<\/strong><\/td>\n<td>HAZIR KAPAK MOB. LTD. \u015eT\u0130.<\/td>\n<td>Arabayata\u011f\u0131 Mah. Ankara yolu Cad. No:371\/A Y\u0131ld\u0131r\u0131m \/ Bursa<\/td>\n<td>0224 366 16 17<\/td>\n<td>&#8211;<\/td>\n<\/tr>\n<tr>\n<td><strong>BATMAN<\/strong><\/td>\n<td>EMEKSAN ORM \u00dcRN PET \u0130N\u015e NAK KUY DAY T\u00dcK MAL GIDA SAN T\u0130C LTD \u015eT\u0130<\/td>\n<td>BELDE MAH. T.P.A.O BULVARI 2. BAHAR APARTMANI ALTI :97\nMERKEZ\/BATMAN<\/td>\n<td>0488 221 01 14<\/td>\n<td>&#8211;<\/td>\n<\/tr>\n<tr>\n<td><strong>ERZURUM<\/strong><\/td>\n<td>\u00d6Z G\u00dcVEN YAPI ORMAN \u00dcR\u00dcNLER\u0130 SAN.T\u0130C.LTD.\u015eT\u0130.<\/td>\n<td>KAZIM KARABEK\u0130R PA\u015eA MAH.KONGRE CAD.NO:101 Yakutiye \/ ERZURUM<\/td>\n<td>0532 436 07 89<\/td>\n<td>&#8211;<\/td>\n<\/tr>\n<tr>\n<td><strong>ESK\u0130\u015eEH\u0130R<\/strong><\/td>\n<td>DURU KAPAK &#8211; S\u00dcLEYMAN SIRRI TEK\u0130N<\/td>\n<td>Emko San. Sit. C\/6 Blok No: 5 Odunpazar\u0131 \/ Eski\u015fehir<\/td>\n<td>0507 765 43 25<\/td>\n<td>&#8211;<\/td>\n<\/tr>\n<tr>\n<td><strong>HATAY<\/strong><\/td>\n<td>MANSURO\u011eLU YAPI MARKET LTD. \u015eT\u0130. &#8211; HAMD\u0130 MANSURO\u011eLU<\/td>\n<td>\u0130stiklal Cd K.Sanayi 3.Sk No:1\/7 Antakya \/ Hatay<\/td>\n<td>0326 213 86 93<\/td>\n<td>&#8211;<\/td>\n<\/tr>\n<tr>\n<td><strong>\u0130STANBUL AVRUPA YAKASI<\/strong><\/td>\n<td>\u0130NCE YAPI LTD. \u015eT\u0130.<\/td>\n<td>\u0130kitelli Keresteciler Sit. 6. Blok No:37 \u0130kitelli Ba\u015fak\u015fehir \/ \u0130stanbul<\/td>\n<td>0553 480 00 04<\/td>\n<td>0212 670 01 67<\/td>\n<\/tr>\n<tr>\n<td><strong>\u0130STANBUL AVRUPA YAKASI<\/strong><\/td>\n<td>GNY T\u0130CARET \/ G\u00d6KHAN G\u00dcNEY<\/td>\n<td>MUSTAFA KEMALPA\u015eA MAH.CAM\u0130 SOK.NO:54\/B\u00a0AVCILAR \/ \u0130stanbul<\/td>\n<td>0532 253 24 78<\/td>\n<td><\/td>\n<\/tr>\n<tr>\n<td><strong>\u0130STANBUL ANADOLU YAKASI<\/strong><\/td>\n<td>KAPAK CENTER<\/td>\n<td>Alt\u0131n\u015fehir Mah Natoyolu Cad No:13\/A \u00dcmraniye \/ \u0130stanbul<\/td>\n<td>0216 420 08 52<\/td>\n<td>0216 420 08 53<\/td>\n<\/tr>\n<tr>\n<td><strong>\u0130STANBUL AVRUPA YAKASI<\/strong><\/td>\n<td>S\u0130LANTE MOB\u0130LYA<\/td>\n<td>\u0130kitelli OSGB Mah. Keresteciler Sanayi Sitesi 18 Sk. No: 8 Ba\u015fak\u015fehir \/ \u0130stanbul<\/td>\n<td>0212 670 38 58<\/td>\n<td>&#8211;<\/td>\n<\/tr>\n<tr>\n<td><strong>\u0130STANBUL AVRUPA YAKASI<\/strong><\/td>\n<td>MAS KAPAK ORMAN \u00dcR\u00dcNLER\u0130 SAN. VE T\u0130C. LTD. \u015eT\u0130.<\/td>\n<td>YUNUSEMRE MAH. YUNUSEMRE BLV.565 SK. NO:1\nSULTANGAZ\u0130\/ \u0130STANBUL<\/td>\n<td>0534 338 87 51<\/td>\n<td>&#8211;<\/td>\n<\/tr>\n<tr>\n<td><strong>KOCAEL\u0130<\/strong><\/td>\n<td>YILDIZPAN ORM. \u00dcRN. SAN.T\u0130C.LTD.\u015eT\u0130.<\/td>\n<td>Bal\u00e7\u0131k Mh. 3254 Sk. No:34 Gebze \/ Kocaeli<\/td>\n<td>0262 751 18 48<\/td>\n<td>0262 751 18 46<\/td>\n<\/tr>\n<tr>\n<td><strong>KONYA &#8211; KARAMAN<\/strong><\/td>\n<td>KMRC GIDA \u0130N\u015e.SAN.T\u0130C.LTD.\u015eT\u0130.<\/td>\n<td>HAM\u0130D\u0130YE MAH.735 SOK. NO:81 Merkez \/ KONYA<\/td>\n<td>0537 777 53 58<\/td>\n<td>&#8211;<\/td>\n<\/tr>\n<tr>\n<td><strong>ORDU-G\u0130RESUN<\/strong><\/td>\n<td>G\u00d6KHAN KAPAK &#8211; G\u00d6KHAN ARSLAN<\/td>\n<td>\u015eahincili Mah. 578 Sok. No:7\/A Alt\u0131nordu \/ Ordu<\/td>\n<td>0541 205 05 52<\/td>\n<td>&#8211;<\/td>\n<\/tr>\n<tr>\n<td><strong>SAKARYA<\/strong><\/td>\n<td>CAPPAK\u2019S RESUL CO\u015eKUN MOB\u0130LYA<\/td>\n<td>\u0130stiklal Mah. 398 Sk. No: 26\/A ASEM Mobilyac\u0131lar \u00c7ar\u015f\u0131s\u0131 Serdivan \/ Sakarya<\/td>\n<td>0537 764 84 51<\/td>\n<td>&#8211;<\/td>\n<\/tr>\n<tr>\n<td><strong>S\u0130VAS<\/strong><\/td>\n<td>BY SERKAN HIRDAVAT<\/td>\n<td>G\u00fcltepe Mah. 4 Eyl\u00fcl San. Sit. 15.San. No: 27\/A Sivas<\/td>\n<td>0346 226 36 39<\/td>\n<td>&#8211;<\/td>\n<\/tr>\n<tr>\n<td><strong>SANLIURFA<\/strong><\/td>\n<td>DESSONI MOB\u0130LYA \u0130TH.\u0130HR.SAN.VE.T\u0130C. A.\u015e.<\/td>\n<td>1.OSB K\u00fc\u00e7\u00fckalanl\u0131 Mah.141 Cad No: 11 Karak\u00f6p\u00fc \/ SANLIURFA<\/td>\n<td>0414 502 44 44<\/td>\n<td>&#8211;<\/td>\n<\/tr>\n<tr>\n<td><strong>TEK\u0130RDA\u011e<\/strong><\/td>\n<td>ERSER AH\u015e \u00dcRN SAN VE T\u0130C LTD \u015eT\u0130<\/td>\n<td>HAT\u0130P MAH. SARISALKIM 3. CAD. NO:1 H BLOK \u00c7ORLU\/ TEK\u0130RDA\u011e<\/td>\n<td>0212 556 22 00<\/td>\n<td>0533 227 15 65<\/td>\n<\/tr>\n<tr>\n<td><strong>U\u015eAK<\/strong><\/td>\n<td>B\u0130OVA MOB\u0130LYA EK\u0130PMANLARI-B\u0130LAL OVACIK<\/td>\n<td>Sarayalt\u0131 Mah Celal Bayar Cad No:145 U\u015fak<\/td>\n<td>0533 890 68 76<\/td>\n<td>&#8211;<\/td>\n<\/tr>\n<tr>\n<td><strong>ZONGULDAK<\/strong><\/td>\n<td>NUR YAPI DEKOR &#8211; MEHMET G\u00d6KER<\/td>\n<td>Belen Yeni San Sitesi No:12 Ere\u011fli \/ Zonguldak<\/td>\n<td>0372 319 02 02<\/td>\n<td>0372 319 05 44<\/td>\n<\/tr>\n<\/tbody>\n<\/table>\t\t\t\t\t\t<\/div>\n\t\t\t\t<\/div>\n\t\t\t\t<div class=\"elementor-element elementor-element-3349632 elementor-widget elementor-widget-pix-photo-box\" data-id=\"3349632\" data-element_type=\"widget\" data-widget_type=\"pix-photo-box.default\">\n\t\t\t\t<div class=\"elementor-widget-container\">\n\t\t\t<div class=\"card w-100 h-100 bg-heading-default bg-transparent  text-left w-100 d-inline-block pix-hover-item rounded-lg position-relative overflow-hidden text-white\" ><img decoding=\"async\" srcset=\"https:\/\/egepres.com.tr\/wp-content\/uploads\/2024\/05\/Folleto_Compact_EXPORT-300x300.png 300w, https:\/\/egepres.com.tr\/wp-content\/uploads\/2024\/05\/Folleto_Compact_EXPORT-150x150.png 150w, https:\/\/egepres.com.tr\/wp-content\/uploads\/2024\/05\/Folleto_Compact_EXPORT-768x768.png 768w, https:\/\/egepres.com.tr\/wp-content\/uploads\/2024\/05\/Folleto_Compact_EXPORT-700x700.png 700w, https:\/\/egepres.com.tr\/wp-content\/uploads\/2024\/05\/Folleto_Compact_EXPORT-400x400.png 400w, https:\/\/egepres.com.tr\/wp-content\/uploads\/2024\/05\/Folleto_Compact_EXPORT-75x75.png 75w, https:\/\/egepres.com.tr\/wp-content\/uploads\/2024\/05\/Folleto_Compact_EXPORT-460x460.png 460w, https:\/\/egepres.com.tr\/wp-content\/uploads\/2024\/05\/Folleto_Compact_EXPORT-600x600.png 600w, https:\/\/egepres.com.tr\/wp-content\/uploads\/2024\/05\/Folleto_Compact_EXPORT-100x100.png 100w, https:\/\/egepres.com.tr\/wp-content\/uploads\/2024\/05\/Folleto_Compact_EXPORT.png 1000w\" src=\"https:\/\/egepres.com.tr\/wp-content\/uploads\/2024\/05\/Folleto_Compact_EXPORT.png\" class=\"card-img pix-bg-image h-100 pix-img-scale pix-opacity-10 rounded-lg \" alt=\"Folleto Compact Catalog\"><a href=\"https:\/\/egepres.com.tr\/wp-content\/uploads\/2024\/05\/Folleto_Compact_EXPORT.pdf\"  class=\"card-img-overlay2 d-inline-block w-100 pix-img-overlay pix-p-10 d-flex align-items-end\" style=\"min-height:400px;\"><div class=\"w-100\"><div class=\"card-content-box pix-p-20 rounded-lg w-100 shadow  bg-white d-flex justify-content-between align-items-center\"><h5 class=\"card-title font-weight-bold  text-primary m-0 w-100\" style=\"\">Folleto Compact Catalog<\/h5><h5 class=\"pixicon-angle-right text-primary font-weight-bold\" style=\"\"><\/h5><\/div><\/div><\/a><\/div>\t\t<\/div>\n\t\t\t\t<\/div>\n\t\t\t\t\t<\/div>\n\t\t\t\t<\/div>\n\t\t<div class=\"elementor-element elementor-element-cc4e4e8 e-flex e-con-boxed e-con e-parent\" data-id=\"cc4e4e8\" data-element_type=\"container\">\n\t\t\t\t\t<div class=\"e-con-inner\">\n\t\t\t\t<div class=\"elementor-element elementor-element-6758c7b elementor-widget elementor-widget-pix-cta\" data-id=\"6758c7b\" data-element_type=\"widget\" data-widget_type=\"pix-cta.default\">\n\t\t\t\t<div class=\"elementor-widget-container\">\n\t\t\t<div class=\"container\"><div class=\"row justify-content-center\"><div class=\"col bg-white2 rounded-lg2  w-100 m-32 p-42 pix-py-30 col-sm-auto d-md-flex align-items-center text-center text-sm-left justify-content-between2\" style=\"z-index:11;\" ><div class=\"mr-md-5\"><h4 class=\"d-block mr-md-3 mb-md-0 mb-md-0 text-heading-default font-weight-bold text-heading-default\" style=\"\">Join Our Dealers<\/h4><span class=\"d-block mr-md-3 mb-md-0 mb-md-0 pix-mt-10  font-weight-bold  text-body-default\" style=\"\">Take advantage of profitable opportunities now\u2026<\/span><\/div><div class=\"flex-fill mt-4 mt-sm-0 mt-md-0 text-md-right flex-grow-1\" style=\"min-width:250px;max-width:100%;\"><a  href=\"https:\/\/egepres.com.tr\/en\/egepres-dealership-application\/\" class=\"btn mb-0     btn-primary d-inline-block      animate-in btn-lg\" target=\"_blank\" rel=\"noopener\"  data-anim-type=\"fade-in-down\" data-anim-delay=\"150\" ><span class=\"font-weight-bold \" >Dealer Contact Form<\/span><\/a><\/div><\/div><\/div><\/div>\t\t<\/div>\n\t\t\t\t<\/div>\n\t\t\t\t\t<\/div>\n\t\t\t\t<\/div>\n\t\t\t\t<\/div>\n\t\t","protected":false},"excerpt":{"rendered":"<p>Point&#32; of&#32; Sales&#32; City Name Adress Phone Fax \u0130ZM\u0130R FABR\u0130KA MERKEZ Kaz\u0131m Karabekir Mah. 6907 Sk. No: 4\/1 Pancar\/Torbal\u0131\/\u0130zmir 0232 864 17 78 0232 864 16 15 \u0130ZM\u0130R KARABA\u011eLAR \u015eUBE Karaba\u011flar Mah. 5758 Sok. No:4\/F Karaba\u011flar\/\u0130zmir 0232 265 25 25&#8230;<\/p>\n","protected":false},"author":1,"featured_media":0,"parent":0,"menu_order":0,"comment_status":"closed","ping_status":"closed","template":"","meta":{"footnotes":""},"class_list":["post-17308","page","type-page","status-publish","hentry"],"yoast_head":"<!-- This site is optimized with the Yoast SEO plugin v22.5 - https:\/\/yoast.com\/wordpress\/plugins\/seo\/ -->\n<title>Sales Points - Egepres Kapak<\/title>\n<meta name=\"description\" content=\"Bayilerimiz, geni\u015f \u00fcr\u00fcn yelpazemizi m\u00fc\u015fterilerimize sunan ve y\u00fcksek kaliteli hizmet anlay\u0131\u015f\u0131yla \u00f6ne \u00e7\u0131kan yetkili sat\u0131\u015f noktalar\u0131m\u0131zd\u0131r\" \/>\n<meta name=\"robots\" content=\"index, follow, max-snippet:-1, max-image-preview:large, max-video-preview:-1\" \/>\n<link rel=\"canonical\" href=\"https:\/\/egepres.com.tr\/en\/bayilerimiz\/\" \/>\n<meta property=\"og:locale\" content=\"en_US\" \/>\n<meta property=\"og:type\" content=\"article\" \/>\n<meta property=\"og:title\" content=\"Sales Points - Egepres Kapak\" \/>\n<meta property=\"og:description\" content=\"Bayilerimiz, geni\u015f \u00fcr\u00fcn yelpazemizi m\u00fc\u015fterilerimize sunan ve y\u00fcksek kaliteli hizmet anlay\u0131\u015f\u0131yla \u00f6ne \u00e7\u0131kan yetkili sat\u0131\u015f noktalar\u0131m\u0131zd\u0131r\" \/>\n<meta property=\"og:url\" content=\"https:\/\/egepres.com.tr\/bayilerimiz\/\" \/>\n<meta property=\"og:site_name\" content=\"Egepres Kapak\" \/>\n<meta property=\"article:modified_time\" content=\"2025-08-04T12:56:05+00:00\" \/>\n<meta property=\"og:image\" content=\"https:\/\/egepres.com.tr\/wp-content\/uploads\/2024\/05\/Folleto_Compact_EXPORT.png\" \/>\n<meta name=\"twitter:card\" content=\"summary_large_image\" \/>\n<meta name=\"twitter:label1\" content=\"Est. reading time\" \/>\n\t<meta name=\"twitter:data1\" content=\"4 minutes\" \/>\n<script type=\"application\/ld+json\" class=\"yoast-schema-graph\">{\"@context\":\"https:\/\/schema.org\",\"@graph\":[{\"@type\":\"WebPage\",\"@id\":\"https:\/\/egepres.com.tr\/bayilerimiz\/\",\"url\":\"https:\/\/egepres.com.tr\/bayilerimiz\/\",\"name\":\"Sales Points - Egepres Kapak\",\"isPartOf\":{\"@id\":\"https:\/\/egepres.com.tr\/#website\"},\"primaryImageOfPage\":{\"@id\":\"https:\/\/egepres.com.tr\/bayilerimiz\/#primaryimage\"},\"image\":{\"@id\":\"https:\/\/egepres.com.tr\/bayilerimiz\/#primaryimage\"},\"thumbnailUrl\":\"https:\/\/egepres.com.tr\/wp-content\/uploads\/2024\/05\/Folleto_Compact_EXPORT.png\",\"datePublished\":\"2024-04-22T01:09:37+00:00\",\"dateModified\":\"2025-08-04T12:56:05+00:00\",\"description\":\"Bayilerimiz, geni\u015f \u00fcr\u00fcn yelpazemizi m\u00fc\u015fterilerimize sunan ve y\u00fcksek kaliteli hizmet anlay\u0131\u015f\u0131yla \u00f6ne \u00e7\u0131kan yetkili sat\u0131\u015f noktalar\u0131m\u0131zd\u0131r\",\"breadcrumb\":{\"@id\":\"https:\/\/egepres.com.tr\/bayilerimiz\/#breadcrumb\"},\"inLanguage\":\"en-US\",\"potentialAction\":[{\"@type\":\"ReadAction\",\"target\":[\"https:\/\/egepres.com.tr\/bayilerimiz\/\"]}]},{\"@type\":\"ImageObject\",\"inLanguage\":\"en-US\",\"@id\":\"https:\/\/egepres.com.tr\/bayilerimiz\/#primaryimage\",\"url\":\"https:\/\/egepres.com.tr\/wp-content\/uploads\/2024\/05\/Folleto_Compact_EXPORT.png\",\"contentUrl\":\"https:\/\/egepres.com.tr\/wp-content\/uploads\/2024\/05\/Folleto_Compact_EXPORT.png\"},{\"@type\":\"BreadcrumbList\",\"@id\":\"https:\/\/egepres.com.tr\/bayilerimiz\/#breadcrumb\",\"itemListElement\":[{\"@type\":\"ListItem\",\"position\":1,\"name\":\"Anasayfa\",\"item\":\"https:\/\/egepres.com.tr\/\"},{\"@type\":\"ListItem\",\"position\":2,\"name\":\"Sales Points\"}]},{\"@type\":\"WebSite\",\"@id\":\"https:\/\/egepres.com.tr\/#website\",\"url\":\"https:\/\/egepres.com.tr\/\",\"name\":\"Egepres Kapak\",\"description\":\"\",\"potentialAction\":[{\"@type\":\"SearchAction\",\"target\":{\"@type\":\"EntryPoint\",\"urlTemplate\":\"https:\/\/egepres.com.tr\/?s={search_term_string}\"},\"query-input\":\"required name=search_term_string\"}],\"inLanguage\":\"en-US\"}]}<\/script>\n<!-- \/ Yoast SEO plugin. -->","yoast_head_json":{"title":"Sales Points - Egepres Kapak","description":"Bayilerimiz, geni\u015f \u00fcr\u00fcn yelpazemizi m\u00fc\u015fterilerimize sunan ve y\u00fcksek kaliteli hizmet anlay\u0131\u015f\u0131yla \u00f6ne \u00e7\u0131kan yetkili sat\u0131\u015f noktalar\u0131m\u0131zd\u0131r","robots":{"index":"index","follow":"follow","max-snippet":"max-snippet:-1","max-image-preview":"max-image-preview:large","max-video-preview":"max-video-preview:-1"},"canonical":"https:\/\/egepres.com.tr\/en\/bayilerimiz\/","og_locale":"en_US","og_type":"article","og_title":"Sales Points - Egepres Kapak","og_description":"Bayilerimiz, geni\u015f \u00fcr\u00fcn yelpazemizi m\u00fc\u015fterilerimize sunan ve y\u00fcksek kaliteli hizmet anlay\u0131\u015f\u0131yla \u00f6ne \u00e7\u0131kan yetkili sat\u0131\u015f noktalar\u0131m\u0131zd\u0131r","og_url":"https:\/\/egepres.com.tr\/bayilerimiz\/","og_site_name":"Egepres Kapak","article_modified_time":"2025-08-04T12:56:05+00:00","og_image":[{"url":"https:\/\/egepres.com.tr\/wp-content\/uploads\/2024\/05\/Folleto_Compact_EXPORT.png"}],"twitter_card":"summary_large_image","twitter_misc":{"Est. reading time":"4 minutes"},"schema":{"@context":"https:\/\/schema.org","@graph":[{"@type":"WebPage","@id":"https:\/\/egepres.com.tr\/bayilerimiz\/","url":"https:\/\/egepres.com.tr\/bayilerimiz\/","name":"Sales Points - Egepres Kapak","isPartOf":{"@id":"https:\/\/egepres.com.tr\/#website"},"primaryImageOfPage":{"@id":"https:\/\/egepres.com.tr\/bayilerimiz\/#primaryimage"},"image":{"@id":"https:\/\/egepres.com.tr\/bayilerimiz\/#primaryimage"},"thumbnailUrl":"https:\/\/egepres.com.tr\/wp-content\/uploads\/2024\/05\/Folleto_Compact_EXPORT.png","datePublished":"2024-04-22T01:09:37+00:00","dateModified":"2025-08-04T12:56:05+00:00","description":"Bayilerimiz, geni\u015f \u00fcr\u00fcn yelpazemizi m\u00fc\u015fterilerimize sunan ve y\u00fcksek kaliteli hizmet anlay\u0131\u015f\u0131yla \u00f6ne \u00e7\u0131kan yetkili sat\u0131\u015f noktalar\u0131m\u0131zd\u0131r","breadcrumb":{"@id":"https:\/\/egepres.com.tr\/bayilerimiz\/#breadcrumb"},"inLanguage":"en-US","potentialAction":[{"@type":"ReadAction","target":["https:\/\/egepres.com.tr\/bayilerimiz\/"]}]},{"@type":"ImageObject","inLanguage":"en-US","@id":"https:\/\/egepres.com.tr\/bayilerimiz\/#primaryimage","url":"https:\/\/egepres.com.tr\/wp-content\/uploads\/2024\/05\/Folleto_Compact_EXPORT.png","contentUrl":"https:\/\/egepres.com.tr\/wp-content\/uploads\/2024\/05\/Folleto_Compact_EXPORT.png"},{"@type":"BreadcrumbList","@id":"https:\/\/egepres.com.tr\/bayilerimiz\/#breadcrumb","itemListElement":[{"@type":"ListItem","position":1,"name":"Anasayfa","item":"https:\/\/egepres.com.tr\/"},{"@type":"ListItem","position":2,"name":"Sales Points"}]},{"@type":"WebSite","@id":"https:\/\/egepres.com.tr\/#website","url":"https:\/\/egepres.com.tr\/","name":"Egepres Kapak","description":"","potentialAction":[{"@type":"SearchAction","target":{"@type":"EntryPoint","urlTemplate":"https:\/\/egepres.com.tr\/?s={search_term_string}"},"query-input":"required name=search_term_string"}],"inLanguage":"en-US"}]}},"_links":{"self":[{"href":"https:\/\/egepres.com.tr\/en\/wp-json\/wp\/v2\/pages\/17308","targetHints":{"allow":["GET"]}}],"collection":[{"href":"https:\/\/egepres.com.tr\/en\/wp-json\/wp\/v2\/pages"}],"about":[{"href":"https:\/\/egepres.com.tr\/en\/wp-json\/wp\/v2\/types\/page"}],"author":[{"embeddable":true,"href":"https:\/\/egepres.com.tr\/en\/wp-json\/wp\/v2\/users\/1"}],"replies":[{"embeddable":true,"href":"https:\/\/egepres.com.tr\/en\/wp-json\/wp\/v2\/comments?post=17308"}],"version-history":[{"count":20,"href":"https:\/\/egepres.com.tr\/en\/wp-json\/wp\/v2\/pages\/17308\/revisions"}],"predecessor-version":[{"id":18370,"href":"https:\/\/egepres.com.tr\/en\/wp-json\/wp\/v2\/pages\/17308\/revisions\/18370"}],"wp:attachment":[{"href":"https:\/\/egepres.com.tr\/en\/wp-json\/wp\/v2\/media?parent=17308"}],"curies":[{"name":"wp","href":"https:\/\/api.w.org\/{rel}","templated":true}]}}